{"id":1506,"date":"2024-04-24T10:27:01","date_gmt":"2024-04-24T09:27:01","guid":{"rendered":"https:\/\/apicolaalemany.com\/politica-de-cookies\/"},"modified":"2024-04-24T16:12:45","modified_gmt":"2024-04-24T15:12:45","slug":"politica-de-cookies","status":"publish","type":"page","link":"https:\/\/apicolaalemany.com\/fr\/politica-de-cookies\/","title":{"rendered":"Politique De Cookies"},"content":{"rendered":"<div class=\"fusion-fullwidth fullwidth-box fusion-builder-row-1 fusion-flex-container has-pattern-background has-mask-background nonhundred-percent-fullwidth non-hundred-percent-height-scrolling\" style=\"--awb-border-radius-top-left:0px;--awb-border-radius-top-right:0px;--awb-border-radius-bottom-right:0px;--awb-border-radius-bottom-left:0px;--awb-flex-wrap:wrap;\" ><div class=\"fusion-builder-row fusion-row fusion-flex-align-items-flex-start fusion-flex-content-wrap\" style=\"max-width:1248px;margin-left: calc(-4% \/ 2 );margin-right: calc(-4% \/ 2 );\"><div class=\"fusion-layout-column fusion_builder_column fusion-builder-column-0 fusion_builder_column_1_1 1_1 fusion-flex-column\" style=\"--awb-bg-size:cover;--awb-width-large:100%;--awb-margin-top-large:0px;--awb-spacing-right-large:1.92%;--awb-margin-bottom-large:20px;--awb-spacing-left-large:1.92%;--awb-width-medium:100%;--awb-order-medium:0;--awb-spacing-right-medium:1.92%;--awb-spacing-left-medium:1.92%;--awb-width-small:100%;--awb-order-small:0;--awb-spacing-right-small:1.92%;--awb-spacing-left-small:1.92%;\"><div class=\"fusion-column-wrapper fusion-column-has-shadow fusion-flex-justify-content-flex-start fusion-content-layout-column\"><div class=\"fusion-text fusion-text-1\"><p>Ce site Web utilise des cookies propres et tiers pour obtenir une meilleure exp\u00e9rience de navigation, partager notre contenu sur les r\u00e9seaux sociaux et obtenir des statistiques d&rsquo;utilisation.<\/p>\n<p>En tant qu&rsquo;utilisateur, le moyen le plus simple d&rsquo;\u00e9viter le t\u00e9l\u00e9chargement de cookies est de les bloquer via une configuration appropri\u00e9e de votre navigateur afin d&rsquo;\u00e9viter qu&rsquo;ils ne soient stock\u00e9s sur votre disque dur.<\/p>\n<p>TURRONS I MEL ALEMANY, SL n&rsquo;utilise aucune information personnelle issue des cookies, uniquement des statistiques g\u00e9n\u00e9rales de visite qui ne font en aucun cas r\u00e9f\u00e9rence \u00e0 des informations personnelles, mais nous utilisons les plateformes Prestashop et WordPress, qui utilisent leurs propres cookies.<\/p>\n<p>Il est donc important de lire cette politique en mati\u00e8re de cookies pour comprendre que si vous continuez \u00e0 la parcourir, nous consid\u00e9rerons que vous acceptez son utilisation.<\/p>\n<p>Selon les termes inclus dans l&rsquo;article 22.2 de la loi 34\/2002 sur les services de la soci\u00e9t\u00e9 de l&rsquo;information et le commerce \u00e9lectronique, si vous continuez \u00e0 naviguer, vous consentez \u00e0 l&rsquo;utilisation des m\u00e9canismes susmentionn\u00e9s par Alemany.com.<\/p>\n<p>QUE SONT LES COOKIES OU COOKIES ?<br \/>\nLes cookies sont des fichiers qui sont t\u00e9l\u00e9charg\u00e9s sur votre ordinateur lorsque vous acc\u00e9dez \u00e0 ce site Web et qui permettent, entre autres, de stocker et de r\u00e9cup\u00e9rer des informations sur vos habitudes de navigation ou sur votre ordinateur pour avoir une meilleure exp\u00e9rience de navigation. Ce site Web utilise ses propres cookies et ceux de tiers.<\/p>\n<p>D\u00c9SACTIVATION\/ACTIVATION OU SUPPRESSION DES COOKIES<br \/>\nTURRONS I MEL ALEMANY, SL met \u00e0 la disposition des utilisateurs qui souhaitent emp\u00eacher l&rsquo;installation desdits cookies des liens vers les instructions fournies pour les navigateurs les plus utilis\u00e9s :<\/p>\n<p>Google Chrome \u2013 Internet Explorer \u2013 Mozilla Firefox \u2013 Apple Safari<\/p>\n<p>Vous pouvez consulter la r\u00e9glementation sur les cookies publi\u00e9e par l&rsquo;Agence espagnole de protection des donn\u00e9es dans son \u00ab Guide d&rsquo;utilisation des cookies \u00bb et obtenir plus d&rsquo;informations sur Internet \u00e0 l&rsquo; adresse http:\/\/www.aboutcookies.org\/<\/p>\n<p>REMARQUES IMPORTANTES SUR LES COOKIES<br \/>\nCompte tenu du fonctionnement d&rsquo;Internet et des sites Web, nous ne disposons pas toujours d&rsquo;informations sur les cookies qui peuvent \u00eatre utilis\u00e9s par des tiers via notre site Web.<\/p>\n<p>Cela s&rsquo;applique en particulier aux cas o\u00f9 notre site Internet contient des \u00e9l\u00e9ments int\u00e9gr\u00e9s, c&rsquo;est-\u00e0-dire des textes, des documents, des images ou des courts m\u00e9trages qui sont stock\u00e9s ailleurs, mais affich\u00e9s sur ou via notre site Internet. D\u2019o\u00f9 la difficult\u00e9 de respecter strictement la r\u00e9glementation relative aux cookies.<\/p>\n<p>QUELS COOKIES CE SITE WEB UTILISE-T-IL ?<br \/>\nCOOKIES TIERS<\/p>\n<p>Comme expliqu\u00e9 au d\u00e9but, ce site Web utilise des services d&rsquo;analyse, notamment Google Analytics , pour nous aider \u00e0 analyser l&rsquo;utilisation faite par les utilisateurs du site Web et \u00e0 am\u00e9liorer sa convivialit\u00e9, mais ils ne sont en aucun cas associ\u00e9s \u00e0 des donn\u00e9es permettant d&rsquo;identifier l&rsquo;utilisateur.<\/p>\n<p>Google Analytics est un service d&rsquo;analyse Web fourni par Google, Inc., une soci\u00e9t\u00e9 du Delaware, dont le si\u00e8ge social est situ\u00e9 au 1600 Amphitheatre Parkway, Mountain View (Californie), CA 94043, \u00c9tats-Unis (\u00ab Google \u00bb). L&rsquo;Utilisateur peut consulter ici le type de cookies utilis\u00e9s par Google.<\/p>\n<p>Concernant le traitement des donn\u00e9es demand\u00e9es via les cookies analytiques tels que ceux de Google Analytics , le groupe de travail de l&rsquo;article 29 (organe consultatif europ\u00e9en sur la protection des donn\u00e9es) a d\u00e9clar\u00e9 que, bien qu&rsquo;ils ne soient pas exempt\u00e9s de l&rsquo;obligation d&rsquo;obtenir un consentement \u00e9clair\u00e9 pour leur utilisation, il il est peu probable qu&rsquo;ils repr\u00e9sentent un risque pour la vie priv\u00e9e des utilisateurs, \u00e0 condition qu&rsquo;il s&rsquo;agisse de cookies de premi\u00e8re partie, qu&rsquo;ils traitent des donn\u00e9es agr\u00e9g\u00e9es \u00e0 des fins strictement statistiques, que des informations sur leur utilisation soient fournies et incluent la possibilit\u00e9 pour les utilisateurs d&rsquo;exprimer leur refus concernant son utilisation, qui s&rsquo;applique \u00e0 ce site Web.<\/p>\n<p>TURRONS I MEL ALEMANY, SL est un utilisateur de la plateforme d&rsquo;approvisionnement et d&rsquo;h\u00e9bergement de boutique en ligne Prestashop , propri\u00e9t\u00e9 de la soci\u00e9t\u00e9 fran\u00e7aise Prestashop, SA. \u00c0 ces fins, les utilisations de ces cookies par les syst\u00e8mes ne sont jamais sous le contr\u00f4le ou la gestion du responsable du site Web, par cons\u00e9quent, leur fonction peut changer \u00e0 tout moment et de nouveaux cookies peuvent \u00eatre introduits.<\/p>\n<p>Ces cookies ne repr\u00e9sentent aucun avantage pour le responsable de ce site Web. De plus, Prestashop, SA utilise d&rsquo;autres cookies afin de permettre d&rsquo;identifier et de suivre les visiteurs des sites Prestashop et de comprendre leur utilisation du site Prestashop, ainsi que leurs pr\u00e9f\u00e9rences d&rsquo;acc\u00e8s, comme indiqu\u00e9 dans la section \u00ab Cookies \u00bb de votre politique de confidentialit\u00e9 .<\/p>\n<p>TURRONS I MEL ALEMANY, SL est un utilisateur de la plateforme de fourniture et d&rsquo;h\u00e9bergement de blogs WordPress , propri\u00e9t\u00e9 de la soci\u00e9t\u00e9 nord-am\u00e9ricaine Automattic, Inc. \u00c0 ces fins, les utilisations de ces cookies par les syst\u00e8mes ne sont jamais sous le contr\u00f4le ou la gestion de la soci\u00e9t\u00e9. Responsable du site Internet, ils peuvent \u00e0 tout moment modifier leur fonctionnalit\u00e9 et introduire de nouveaux cookies.<\/p>\n<p>Ces cookies ne repr\u00e9sentent aucun avantage pour le responsable de ce site Web. De plus, Automattic, Inc. utilise d&rsquo;autres cookies afin d&rsquo;aider \u00e0 identifier et \u00e0 suivre les visiteurs des sites. Les cookies des r\u00e9seaux sociaux peuvent \u00eatre stock\u00e9s dans votre navigateur pendant que vous naviguez sur Alemany.com lorsque vous utilisez, par exemple, le bouton pour partager l&rsquo;allemand. contenu. comme dans certains r\u00e9seaux sociaux.<br \/>\nLes soci\u00e9t\u00e9s qui g\u00e9n\u00e8rent ces cookies correspondant aux r\u00e9seaux sociaux qui utilisent ce site Internet ont leurs propres politiques : et connaissent la mani\u00e8re dont elles utilisent le site Automattic, ainsi que leurs pr\u00e9f\u00e9rences d&rsquo;acc\u00e8s, comme indiqu\u00e9 dans la section \u00ab Cookies \u00bb de sa politique de confidentialit\u00e9. .<\/p>\n<p>COOKIES DE R\u00c9SEAUX SOCIAUX<\/p>\n<p>Les cookies des r\u00e9seaux sociaux peuvent \u00eatre stock\u00e9s dans votre navigateur lors de votre navigation sur Alemany.com, par exemple lorsque vous utilisez le bouton de partage de contenu Alemany.com sur un r\u00e9seau social.<\/p>\n<p>Les soci\u00e9t\u00e9s qui g\u00e9n\u00e8rent ces cookies correspondant aux r\u00e9seaux sociaux utilis\u00e9s par ce site Internet ont leurs propres politiques en mati\u00e8re de cookies.<\/p>\n<p>Cookie Twitter, tel que pr\u00e9vu dans sa politique de confidentialit\u00e9 et d&rsquo;utilisation des cookies .<br \/>\nCookie Facebook, comme pr\u00e9vu dans sa politique en mati\u00e8re de cookies .<br \/>\nCookie Instagram, tel que pr\u00e9vu dans sa politique en mati\u00e8re de cookies<br \/>\nCookie Google Maps, tel que pr\u00e9vu dans sa politique en mati\u00e8re de cookies<br \/>\nConform\u00e9ment aux dispositions de l&rsquo;article 22.2 de la LSSI, les cookies susceptibles d&rsquo;\u00eatre r\u00e9guli\u00e8rement install\u00e9s lors de la navigation sur ce site sont d\u00e9taill\u00e9s :<\/p>\n<p>NOM<br \/>\nGoogle Analytics (__utma, __utmb, __utmc, __utmd, __utmv, __utmz, _ga, _gat)<\/p>\n<p>DUR\u00c9E PAR D\u00c9FAUT<br \/>\nPersistante<\/p>\n<p>OBJECTIF ET DOMAINE<br \/>\nNous utilisons Google Analytics, un outil d&rsquo;analyse Web de Google qui nous permet de nous informer sur la mani\u00e8re dont les utilisateurs interagissent avec notre site Web. De m\u00eame, il autorise les cookies sur le domaine du site o\u00f9 se trouve l&rsquo;utilisateur et les utilise pour collecter des informations de mani\u00e8re anonyme et pr\u00e9parer des rapports sur les tendances du site Web sans identifier les utilisateurs individuels. Vous pouvez trouver plus d&rsquo;informations sur les cookies de Google Analytics et leur fonctionnement sur le site Web de Google .<\/p>\n<p>NOM Google<br \/>\n(SAPISID, SID, APISID, SSID, HSID, SIDCC, NID, 1P_JAR, CONSEN, HSID, SAPISID, SID, NID, 1P_JAR, APISID, SSID, OGPC)<\/p>\n<p>DUR\u00c9E PAR D\u00c9FAUT<br \/>\nPersistante<\/p>\n<p>OBJECTIF ET DOMAINE<br \/>\nGoogle utilise ces cookies pour rester connect\u00e9 \u00e0 votre compte Google et aux produits associ\u00e9s, tels que Google Maps, Google+, YouTube ou AdWords. Tant que vous restez connect\u00e9 et utilisez des plugins sur d&rsquo;autres sites Web comme le n\u00f4tre, Google utilisera ces cookies pour am\u00e9liorer votre exp\u00e9rience utilisateur. Plus d&rsquo;informations:<\/p>\n<p>NOM<br \/>\nFacebook<br \/>\n(fr, datr, lu)<\/p>\n<p>DUR\u00c9E PAR D\u00c9FAUT<br \/>\nPersistante<\/p>\n<p>OBJECTIF ET DOMAINE<br \/>\nFacebook utilise des cookies pour que l&rsquo;utilisateur puisse partager des informations, \u00ab aimer \u00bb, afficher des publicit\u00e9s associ\u00e9es ou s&rsquo;identifier sur le site Web via Facebook.<\/p>\n<p>Si vous souhaitez avoir plus de contr\u00f4le sur l&rsquo;installation de cookies, vous pouvez installer des programmes ou des modules compl\u00e9mentaires dans votre navigateur, appel\u00e9s outils \u00ab Do Not Track \u00bb, qui vous permettront de choisir ceux que vous souhaitez autoriser.<\/p>\n<p>Plus d&rsquo;informations sur qui nous sommes, comment les contacter et comment nous traitons les donn\u00e9es personnelles, dans notre politique de confidentialit\u00e9.<\/p>\n<p>Derni\u00e8re mise \u00e0 jour : novembre 2019<\/p>\n<\/div><\/div><\/div><\/div><\/div>\n","protected":false},"excerpt":{"rendered":"","protected":false},"author":1,"featured_media":0,"parent":0,"menu_order":0,"comment_status":"closed","ping_status":"closed","template":"","meta":{"footnotes":""},"class_list":["post-1506","page","type-page","status-publish","hentry"],"yoast_head":"<!-- This site is optimized with the Yoast SEO plugin v22.5 - https:\/\/yoast.com\/wordpress\/plugins\/seo\/ -->\n<title>Politique De Cookies - Apicola Alemany<\/title>\n<meta name=\"robots\" content=\"index, follow, max-snippet:-1, max-image-preview:large, max-video-preview:-1\" \/>\n<link rel=\"canonical\" href=\"https:\/\/apicolaalemany.com\/politica-de-cookies\/\" \/>\n<meta property=\"og:locale\" content=\"fr_FR\" \/>\n<meta property=\"og:type\" content=\"article\" \/>\n<meta property=\"og:title\" content=\"Politique De Cookies - Apicola Alemany\" \/>\n<meta property=\"og:url\" content=\"https:\/\/apicolaalemany.com\/politica-de-cookies\/\" \/>\n<meta property=\"og:site_name\" content=\"Apicola Alemany\" \/>\n<meta property=\"article:modified_time\" content=\"2024-04-24T15:12:45+00:00\" \/>\n<meta name=\"twitter:card\" content=\"summary_large_image\" \/>\n<meta name=\"twitter:label1\" content=\"Dur\u00e9e de lecture estim\u00e9e\" \/>\n\t<meta name=\"twitter:data1\" content=\"12 minutes\" \/>\n<script type=\"application\/ld+json\" class=\"yoast-schema-graph\">{\"@context\":\"https:\/\/schema.org\",\"@graph\":[{\"@type\":\"WebPage\",\"@id\":\"https:\/\/apicolaalemany.com\/politica-de-cookies\/\",\"url\":\"https:\/\/apicolaalemany.com\/politica-de-cookies\/\",\"name\":\"Politique De Cookies - Apicola Alemany\",\"isPartOf\":{\"@id\":\"https:\/\/apicolaalemany.com\/#website\"},\"datePublished\":\"2024-04-24T09:27:01+00:00\",\"dateModified\":\"2024-04-24T15:12:45+00:00\",\"breadcrumb\":{\"@id\":\"https:\/\/apicolaalemany.com\/politica-de-cookies\/#breadcrumb\"},\"inLanguage\":\"fr-FR\",\"potentialAction\":[{\"@type\":\"ReadAction\",\"target\":[\"https:\/\/apicolaalemany.com\/politica-de-cookies\/\"]}]},{\"@type\":\"BreadcrumbList\",\"@id\":\"https:\/\/apicolaalemany.com\/politica-de-cookies\/#breadcrumb\",\"itemListElement\":[{\"@type\":\"ListItem\",\"position\":1,\"name\":\"Portada\",\"item\":\"https:\/\/apicolaalemany.com\/fr\/\"},{\"@type\":\"ListItem\",\"position\":2,\"name\":\"Politique De Cookies\"}]},{\"@type\":\"WebSite\",\"@id\":\"https:\/\/apicolaalemany.com\/#website\",\"url\":\"https:\/\/apicolaalemany.com\/\",\"name\":\"Apicola Alemany\",\"description\":\"Pure Natural Honey\",\"potentialAction\":[{\"@type\":\"SearchAction\",\"target\":{\"@type\":\"EntryPoint\",\"urlTemplate\":\"https:\/\/apicolaalemany.com\/?s={search_term_string}\"},\"query-input\":\"required name=search_term_string\"}],\"inLanguage\":\"fr-FR\"}]}<\/script>\n<!-- \/ Yoast SEO plugin. -->","yoast_head_json":{"title":"Politique De Cookies - Apicola Alemany","robots":{"index":"index","follow":"follow","max-snippet":"max-snippet:-1","max-image-preview":"max-image-preview:large","max-video-preview":"max-video-preview:-1"},"canonical":"https:\/\/apicolaalemany.com\/politica-de-cookies\/","og_locale":"fr_FR","og_type":"article","og_title":"Politique De Cookies - Apicola Alemany","og_url":"https:\/\/apicolaalemany.com\/politica-de-cookies\/","og_site_name":"Apicola Alemany","article_modified_time":"2024-04-24T15:12:45+00:00","twitter_card":"summary_large_image","twitter_misc":{"Dur\u00e9e de lecture estim\u00e9e":"12 minutes"},"schema":{"@context":"https:\/\/schema.org","@graph":[{"@type":"WebPage","@id":"https:\/\/apicolaalemany.com\/politica-de-cookies\/","url":"https:\/\/apicolaalemany.com\/politica-de-cookies\/","name":"Politique De Cookies - Apicola Alemany","isPartOf":{"@id":"https:\/\/apicolaalemany.com\/#website"},"datePublished":"2024-04-24T09:27:01+00:00","dateModified":"2024-04-24T15:12:45+00:00","breadcrumb":{"@id":"https:\/\/apicolaalemany.com\/politica-de-cookies\/#breadcrumb"},"inLanguage":"fr-FR","potentialAction":[{"@type":"ReadAction","target":["https:\/\/apicolaalemany.com\/politica-de-cookies\/"]}]},{"@type":"BreadcrumbList","@id":"https:\/\/apicolaalemany.com\/politica-de-cookies\/#breadcrumb","itemListElement":[{"@type":"ListItem","position":1,"name":"Portada","item":"https:\/\/apicolaalemany.com\/fr\/"},{"@type":"ListItem","position":2,"name":"Politique De Cookies"}]},{"@type":"WebSite","@id":"https:\/\/apicolaalemany.com\/#website","url":"https:\/\/apicolaalemany.com\/","name":"Apicola Alemany","description":"Pure Natural Honey","potentialAction":[{"@type":"SearchAction","target":{"@type":"EntryPoint","urlTemplate":"https:\/\/apicolaalemany.com\/?s={search_term_string}"},"query-input":"required name=search_term_string"}],"inLanguage":"fr-FR"}]}},"_links":{"self":[{"href":"https:\/\/apicolaalemany.com\/fr\/wp-json\/wp\/v2\/pages\/1506","targetHints":{"allow":["GET"]}}],"collection":[{"href":"https:\/\/apicolaalemany.com\/fr\/wp-json\/wp\/v2\/pages"}],"about":[{"href":"https:\/\/apicolaalemany.com\/fr\/wp-json\/wp\/v2\/types\/page"}],"author":[{"embeddable":true,"href":"https:\/\/apicolaalemany.com\/fr\/wp-json\/wp\/v2\/users\/1"}],"replies":[{"embeddable":true,"href":"https:\/\/apicolaalemany.com\/fr\/wp-json\/wp\/v2\/comments?post=1506"}],"version-history":[{"count":3,"href":"https:\/\/apicolaalemany.com\/fr\/wp-json\/wp\/v2\/pages\/1506\/revisions"}],"predecessor-version":[{"id":1523,"href":"https:\/\/apicolaalemany.com\/fr\/wp-json\/wp\/v2\/pages\/1506\/revisions\/1523"}],"wp:attachment":[{"href":"https:\/\/apicolaalemany.com\/fr\/wp-json\/wp\/v2\/media?parent=1506"}],"curies":[{"name":"wp","href":"https:\/\/api.w.org\/{rel}","templated":true}]}}