{"id":1502,"date":"2024-04-24T10:28:10","date_gmt":"2024-04-24T09:28:10","guid":{"rendered":"https:\/\/apicolaalemany.com\/aviso-legal\/"},"modified":"2024-04-24T15:53:59","modified_gmt":"2024-04-24T14:53:59","slug":"aviso-legal","status":"publish","type":"page","link":"https:\/\/apicolaalemany.com\/fr\/aviso-legal\/","title":{"rendered":"Avis Juridique"},"content":{"rendered":"<div class=\"fusion-fullwidth fullwidth-box fusion-builder-row-1 fusion-flex-container has-pattern-background has-mask-background nonhundred-percent-fullwidth non-hundred-percent-height-scrolling\" style=\"--awb-border-radius-top-left:0px;--awb-border-radius-top-right:0px;--awb-border-radius-bottom-right:0px;--awb-border-radius-bottom-left:0px;--awb-flex-wrap:wrap;\" ><div class=\"fusion-builder-row fusion-row fusion-flex-align-items-flex-start fusion-flex-content-wrap\" style=\"max-width:1248px;margin-left: calc(-4% \/ 2 );margin-right: calc(-4% \/ 2 );\"><div class=\"fusion-layout-column fusion_builder_column fusion-builder-column-0 fusion_builder_column_1_1 1_1 fusion-flex-column\" style=\"--awb-bg-size:cover;--awb-width-large:100%;--awb-margin-top-large:0px;--awb-spacing-right-large:1.92%;--awb-margin-bottom-large:20px;--awb-spacing-left-large:1.92%;--awb-width-medium:100%;--awb-order-medium:0;--awb-spacing-right-medium:1.92%;--awb-spacing-left-medium:1.92%;--awb-width-small:100%;--awb-order-small:0;--awb-spacing-right-small:1.92%;--awb-spacing-left-small:1.92%;\"><div class=\"fusion-column-wrapper fusion-column-has-shadow fusion-flex-justify-content-flex-start fusion-content-layout-column\"><div class=\"fusion-text fusion-text-1\"><p>Bienvenue sur le site Alemany.<\/p>\n<p>Ci-dessous, nous vous pr\u00e9sentons les conditions d&rsquo;utilisation du site Internet. La navigation sur cette page Web vous conf\u00e8re le r\u00f4le d&rsquo;utilisateur sur celle-ci et, par cons\u00e9quent, vous acceptez les clauses d\u00e9taill\u00e9es dans ce document.<\/p>\n<h3><strong>MENTIONS L\u00c9GALES ET CONDITIONS D&rsquo;UTILISATION<\/strong><\/h3>\n<p>Les pr\u00e9sentes mentions l\u00e9gales et les pr\u00e9sentes conditions g\u00e9n\u00e9rales r\u00e9gissent l&rsquo;utilisation du site www.aleman.com.<\/p>\n<h4>RESPONSABLE L\u00c9GAL DE CE SITE WEB<\/h4>\n<p>Conform\u00e9ment \u00e0 la loi 34\/2002 du 11 juillet relative aux services de la soci\u00e9t\u00e9 de l&rsquo;information et au commerce \u00e9lectronique, nous vous informons :<br \/>\nRaison sociale : Torrons i Mel Alemany, SL<br \/>\nCIF : B25261496<br \/>\nAdresse : C\/ Barcelona 4, 25610 \u2013 Os de Balaguer (Lleida )<br \/>\ne-mail : info@alemany.com<\/p>\n<h4><strong>OBJET<\/strong><\/h4>\n<p>Les pr\u00e9sentes conditions g\u00e9n\u00e9rales r\u00e9gissent l&rsquo;utilisation (y compris l&rsquo;acc\u00e8s) des pages Web qui composent le site Alemany.com, y compris le contenu et les services disponibles.<br \/>\nToute personne acc\u00e9dant au site Alemany.com (\u00ab Utilisateur \u00bb) s&rsquo;engage \u00e0 \u00eatre li\u00e9e par les conditions g\u00e9n\u00e9rales en vigueur \u00e0 chaque acc\u00e8s.<br \/>\nTURRONS I MEL ALEMANY, SL se r\u00e9serve le droit de modifier, \u00e0 tout moment et sans pr\u00e9avis, la pr\u00e9sentation et la configuration du site Alemany.com, ainsi que les conditions g\u00e9n\u00e9rales.<\/p>\n<h4><strong>OBJECTIF DU SITE WEB<\/strong><\/h4>\n<p>Alemany.com est un site d&rsquo;information et de vente en ligne de nougat, de miel et de noix de TURRONS I MEL ALEMANY, SL.<\/p>\n<h4><strong>UTILISATION DE ALEMAN.COM<\/strong><\/h4>\n<p>Les contenus d\u00e9velopp\u00e9s sur le site Web rel\u00e8vent de la responsabilit\u00e9 enti\u00e8re et exclusive de TURRONS I MEL ALEMANY, SL, ainsi que de la propri\u00e9t\u00e9 de tous les droits sur ceux-ci.<\/p>\n<p>L&rsquo;UTILISATEUR ACCEPTE QUE\u00a0:<\/p>\n<p>\u2022 Vous ne pouvez utiliser le site Web que pour formuler des questions ou des demandes juridiquement valables.<\/p>\n<p>\u2022 Vous ne pouvez faire aucune demande sp\u00e9culative, fausse ou frauduleuse. Si nous avons des motifs raisonnables de croire qu&rsquo;une telle demande a \u00e9t\u00e9 faite, nous serons en droit de l&rsquo;annuler et d&rsquo;en informer les autorit\u00e9s comp\u00e9tentes.<\/p>\n<p>\u2022 Vous \u00eates \u00e9galement tenu de fournir votre adresse e-mail, votre adresse postale et\/ou d&rsquo;autres informations de contact de mani\u00e8re v\u00e9ridique et correcte, et acceptez que nous puissions utiliser ces informations pour contacter l&rsquo;utilisateur, le cas \u00e9ch\u00e9ant (pour plus d&rsquo;informations, lisez notre \u00ab Politique de confidentialit\u00e9\u00a0\u00bb).<\/p>\n<p>\u2022 Si l&rsquo;Utilisateur ne fournit pas toutes les informations dont nous avons besoin, nous ne pourrons g\u00e9rer aucune demande ou requ\u00eate.<\/p>\n<p>\u2022 Lors d&rsquo;une consultation, d&rsquo;une demande ou d&rsquo;un achat via ce site Web, l&rsquo;Utilisateur garantit qu&rsquo;il a plus de 16 ans et qu&rsquo;il dispose de l&rsquo;autorisation correspondante d&rsquo;un p\u00e8re, d&rsquo;une m\u00e8re ou d&rsquo;un tuteur (plus d&rsquo;informations dans la section \u00ab Politique de confidentialit\u00e9 \u00bb). ).<\/p>\n<p>\u2022 Lors de l&rsquo;utilisation du portail alejandro.com, l&rsquo;utilisateur s&rsquo;engage \u00e0 ne mener aucune conduite susceptible de nuire \u00e0 l&rsquo;image, aux int\u00e9r\u00eats et aux droits de TURRONS I MEL ALEMANY, SL, ou de tiers, susceptibles d&rsquo;endommager, de d\u00e9sactiver, de surcharger le site Alemany.com. site Internet ou emp\u00eacher, de quelque mani\u00e8re que ce soit, l\u2019utilisation normale du site Internet.<\/p>\n<h4><strong>ABONNEMENT AU BULLETIN OU NEWSLETTER<\/strong><\/h4>\n<p>L&rsquo;Utilisateur peut s&rsquo;abonner par e-mail aux newsletters d&rsquo;Aleman.com en utilisant le formulaire inclus sur cette page pour recevoir automatiquement la newsletter avec les actualit\u00e9s dans sa bo\u00eete de r\u00e9ception e-mail.<br \/>\nVotre abonnement devra \u00eatre confirm\u00e9 au moyen d&rsquo;un email d&rsquo;activation qui vous sera envoy\u00e9 lorsque l&rsquo;adresse email aura \u00e9t\u00e9 renseign\u00e9e et que vous aurez accept\u00e9 les pr\u00e9sentes conditions l\u00e9gales.<br \/>\nVotre adresse email sera stock\u00e9e dans un fichier d&rsquo;abonnements.<br \/>\nIls ont uniquement acc\u00e8s \u00e0 la liste d&rsquo;abonnement TURRONS I MEL ALEMANY, SL et Mailchimp (voir plus de d\u00e9tails dans notre politique de confidentialit\u00e9) et ces informations seront utilis\u00e9es uniquement par TURRONS I MEL ALEMANY, SL, aux fins de l&rsquo;abonnement. sur les nouveaux produits et le lancement d&rsquo;une promotion exclusive pour les abonn\u00e9s.<br \/>\nPour plus d\u2019informations sur notre politique de protection des donn\u00e9es et vos droits, veuillez consulter notre politique de confidentialit\u00e9.<\/p>\n<h4><strong>NAVIGATION ET ADRESSE IP<\/strong><\/h4>\n<p>Lors de la navigation sur le site Internet, de la participation au travers de commentaires sur les articles, ainsi que lors de l&rsquo;utilisation du formulaire de contact, l&rsquo;adresse IP de l&rsquo;ordinateur de l&rsquo;Utilisateur est enregistr\u00e9e. Ces donn\u00e9es ne seront utilis\u00e9es que pour \u00e9tablir des statistiques de visites.<br \/>\nCommentaires sur les articles. L&rsquo;Utilisateur peut publier des commentaires sur les articles qui le permettent. Les donn\u00e9es personnelles saisies dans le formulaire pour ins\u00e9rer ces commentaires seront utilis\u00e9es exclusivement pour les mod\u00e9rer, les publier et y r\u00e9pondre.<br \/>\nTURRONS I MEL ALEMANY, SL n&rsquo;est pas responsable des opinions de tiers sur le site Web et se r\u00e9serve le droit de supprimer tout commentaire qui pourrait \u00eatre offensant, inappropri\u00e9 ou d\u00e9gradant, en plus de bloquer et d&#8217;emp\u00eacher les futurs commentaires provenant de ses auteurs.<br \/>\nPour plus d\u2019informations sur notre politique de protection des donn\u00e9es et vos droits, consultez notre politique de confidentialit\u00e9.<\/p>\n<h4><strong>CONTENU<\/strong><\/h4>\n<p>Concernant le contenu de ce site Web, il est interdit de :<br \/>\n\u2022 Le reproduire, le distribuer ou le modifier, en totalit\u00e9 ou en partie, sauf autorisation de TURRONS I MEL ALEMANY, SL.<br \/>\n\u2022 Toute violation des droits du pr\u00eateur ou des propri\u00e9taires l\u00e9gitimes.<br \/>\n\u2022 Utilisez-le \u00e0 des fins commerciales ou publicitaires.<br \/>\n\u2022 Si vous souhaitez utiliser l&rsquo;un des contenus publi\u00e9s, vous devez avoir l&rsquo;autorisation expresse de TURRONS I MEL ALEMANY, SL.<\/p>\n<h4><strong>UTILISATION ET ACC\u00c8S DES UTILISATEURS<\/strong><\/h4>\n<p>L&rsquo;Utilisateur est inform\u00e9 et accepte que l&rsquo;acc\u00e8s \u00e0 ce site Web n&rsquo;implique en aucun cas le d\u00e9but d&rsquo;une relation commerciale avec TURRONS I MEL ALEMANY, SL ou avec l&rsquo;une de ses d\u00e9l\u00e9gations.<br \/>\nL&rsquo;utilisation du site Internet \u00e0 des fins ill\u00e9gales, nuisibles ou susceptibles de causer des dommages ou d&#8217;emp\u00eacher le fonctionnement normal du site Internet est interdite.<\/p>\n<h4><strong>DROITS DE PROPRI\u00c9T\u00c9 INTELLECTUELLE ET INDUSTRIELLE<\/strong><\/h4>\n<p>Les droits de propri\u00e9t\u00e9 intellectuelle sur le contenu des pages Web, la conception graphique et les codes sont la propri\u00e9t\u00e9 de TURRONS I MEL ALEMANY, SL et, par cons\u00e9quent, leur reproduction, distribution, communication publique, transformation ou toute autre activit\u00e9 qui pourrait \u00eatre r\u00e9alis\u00e9e est interdit d&rsquo;effectuer des op\u00e9rations avec le contenu de ses pages Web, sans m\u00eame citer ses sources, sauf avec le consentement \u00e9crit de TURRONS I MEL ALEMANY, SL.<br \/>\nL&rsquo;Utilisateur sait et accepte que l&rsquo;ensemble du site Web, qui contient, sans s&rsquo;y limiter, les textes, logiciels, contenus (y compris la structure, la s\u00e9lection, la disposition et la pr\u00e9sentation), les photographies, le mat\u00e9riel audiovisuel et les graphiques, est prot\u00e9g\u00e9 par des marques, droits d&rsquo;auteur et d&rsquo;autres droits l\u00e9gitimes enregistr\u00e9s, conform\u00e9ment aux trait\u00e9s internationaux auxquels l&rsquo;Espagne est partie et aux autres droits de propri\u00e9t\u00e9 et lois de l&rsquo;Espagne.<\/p>\n<h4><strong>CONTENU WEB ET LIENS<\/strong><\/h4>\n<p>\u00c0 partir du site Web, vous pouvez \u00eatre redirig\u00e9 vers du contenu sur des sites Web tiers. \u00c9tant donn\u00e9 que TURRONS I MEL ALEMANY, SL ne peut pas toujours contr\u00f4ler les contenus introduits par des tiers sur leurs sites Web respectifs, elle n&rsquo;assume aucun type de responsabilit\u00e9. Dans tous les cas, il supprimera imm\u00e9diatement tout contenu susceptible de contrevenir \u00e0 la l\u00e9gislation nationale ou internationale, aux bonnes m\u0153urs ou \u00e0 l&rsquo;ordre public, ainsi qu&rsquo;\u00e0 la redirection vers ce site Web, en informant les autorit\u00e9s comp\u00e9tentes du contenu en question.<\/p>\n<p>TURRONS I MEL ALEMANY, SL n&rsquo;est pas responsable des informations ou des contenus stock\u00e9s, \u00e0 titre d&rsquo;exemple mais sans s&rsquo;y limiter, dans les forums, chats, g\u00e9n\u00e9rateurs de blogs, commentaires, r\u00e9seaux sociaux ou tout autre moyen permettant \u00e0 des tiers de publier des contenus de mani\u00e8re ind\u00e9pendante. du site TURRONS I MEL ALEMANY, SL. Cependant, et conform\u00e9ment aux dispositions des articles 11 et 16 de la LSSICE, il est mis \u00e0 la disposition de tous les utilisateurs, autorit\u00e9s et forces de s\u00e9curit\u00e9, qui collaboreront activement \u00e0 la suppression ou, le cas \u00e9ch\u00e9ant, au blocage de tous les contenus susceptibles d&rsquo;affecter ou de contrevenir. la l\u00e9gislation nationale ou internationale, les droits des tiers ou encore les bonnes m\u0153urs et l&rsquo;ordre public. Si l&rsquo;utilisateur estime qu&rsquo;il existe un contenu sur le site Web susceptible d&rsquo;\u00eatre soumis \u00e0 cette classification, il est pri\u00e9 d&rsquo;en informer imm\u00e9diatement l&rsquo;administrateur du site Web.<\/p>\n<p>Ce site Web a \u00e9t\u00e9 examin\u00e9 et test\u00e9 pour fonctionner correctement. En principe, le bon fonctionnement peut \u00eatre garanti 365 jours par an, 24 heures sur 24. Cependant, TURRONS I MEL ALEMANY, SL n&rsquo;exclut pas la possibilit\u00e9 que certaines erreurs de programmation ou causes de force majeure, telles que catastrophes naturelles, gr\u00e8ves ou circonstances similaires, rendent impossible l&rsquo;acc\u00e8s au site Web.<\/p>\n<p>TURRONS I MEL ALEMANY, SL s&rsquo;engage \u00e0 utiliser les donn\u00e9es obtenues sur ce site Web, \u00e0 respecter leur confidentialit\u00e9 et \u00e0 les utiliser conform\u00e9ment \u00e0 leur finalit\u00e9, ainsi qu&rsquo;\u00e0 respecter l&rsquo;obligation de sauvegarde et \u00e0 adopter toutes les mesures pour \u00e9viter toute alt\u00e9ration, perte. traitement ou acc\u00e8s non autoris\u00e9, conform\u00e9ment aux dispositions du r\u00e8glement UE 2016\/679, du Parlement europ\u00e9en et du Conseil, du 27 avril (RGPD), et de la loi organique 3\/2018, du 5 d\u00e9cembre, sur la protection des donn\u00e9es personnelles et garantie des droits num\u00e9riques.<\/p>\n<p>L&rsquo;Utilisateur garantit que les donn\u00e9es personnelles fournies via le formulaire de contact sont v\u00e9ridiques et est tenu de communiquer toute modification. De m\u00eame, l&rsquo;Utilisateur garantit que toutes les informations fournies correspondent \u00e0 sa situation r\u00e9elle, sont mises \u00e0 jour et exactes. En outre, l&rsquo;utilisateur a l&rsquo;obligation de maintenir ses donn\u00e9es \u00e0 jour \u00e0 tout moment et est seul responsable de l&rsquo;inexactitude ou de la fausset\u00e9 des donn\u00e9es fournies et des dommages que cela pourrait causer \u00e0 TURRONS I MEL ALEMANY, SL en tant que propri\u00e9taire du site Web. des tiers en raison de l&rsquo;utilisation de ce site Web.<\/p>\n<p>De m\u00eame, l&rsquo;Utilisateur a acc\u00e8s \u00e0 tout moment pour modifier, \u00e9diter ou supprimer les informations fournies, ainsi que g\u00e9rer l&rsquo;annulation directement, au moyen d&rsquo;une demande adress\u00e9e au contact indiqu\u00e9 dans la section \u00ab Adresse de contact \u00bb ou par \u00e9crit \u00e0 TURRONS I. MEL ALEMANY, SL, accompagn\u00e9 d&rsquo;une copie de votre pi\u00e8ce d&rsquo;identit\u00e9 ou d&rsquo;un document \u00e9quivalent.<\/p>\n<p>Pour plus d\u2019informations sur notre politique de protection des donn\u00e9es et vos droits, veuillez consulter notre politique de confidentialit\u00e9.<\/p>\n<h4><strong>DROITS D&rsquo;AUTEUR<\/strong><\/h4>\n<p>Ce site Web est prot\u00e9g\u00e9 par les droits d&rsquo;auteur de TURRONS I MEL ALEMANY, SL et tous droits r\u00e9serv\u00e9s. Si vous souhaitez utiliser l&rsquo;un de vos textes ou images, vous pouvez en faire la demande via l&rsquo;adresse e-mail qui appara\u00eet dans \u00ab Adresse de contact \u00bb.<\/p>\n<p>Si, par erreur, vous avez introduit sur ce site un \u00e9l\u00e9ment soumis au droit d&rsquo;auteur, \u00e9crivez \u00e0 l&rsquo;adresse qui appara\u00eet dans la section \u00ab Adresse de contact \u00bb, en joignant la preuve du droit d&rsquo;auteur et, apr\u00e8s avoir v\u00e9rifi\u00e9 les donn\u00e9es, nous le supprimerons en priorit\u00e9. , ou \u00e0 votre choix, nous cr\u00e9diterons l&rsquo;\u0153uvre.<\/p>\n<h4><strong>LOI APPLICABLE ET JURIDICTION<\/strong><\/h4>\n<p>De mani\u00e8re g\u00e9n\u00e9rale, les relations entre TURRONS Y MEL ALEMANY, SL et les utilisateurs de ses services t\u00e9l\u00e9matiques sur ce site Web sont soumises \u00e0 la l\u00e9gislation et \u00e0 la juridiction espagnole. Plus pr\u00e9cis\u00e9ment, ce site Web est conforme aux exigences de la loi organique 3\/2018 du 5 d\u00e9cembre sur la protection des donn\u00e9es personnelles et la garantie des droits num\u00e9riques (LOPDGDD), et est \u00e9galement conforme au r\u00e8glement (UE) 2016\/679 du Parlement europ\u00e9en. et du Conseil, du 27 avril, relatif \u00e0 la protection des personnes physiques (RGPD), ainsi que la loi 34\/2002, du 11 juillet, sur les services de la soci\u00e9t\u00e9 de l&rsquo;information et du commerce \u00e9lectronique (LSSICE ou LSSI). La loi 7\/1996 sur la r\u00e9glementation du commerce de d\u00e9tail et la loi 3\/2014 du 27 mars, qui modifie le texte consolid\u00e9 de la loi g\u00e9n\u00e9rale pour la d\u00e9fense des consommateurs et des utilisateurs et d&rsquo;autres lois, compl\u00e9mentaires et approuv\u00e9es, sont \u00e9galement respect\u00e9es. par le d\u00e9cret l\u00e9gislatif royal 1\/2007 du 16 novembre.<\/p>\n<p>Enfin, nous respectons \u00e9galement le r\u00e8glement (UE) 2018\/302 du Parlement europ\u00e9en et du Conseil du 28 f\u00e9vrier relatif aux mesures visant \u00e0 pr\u00e9venir les blocages g\u00e9ographiques injustifi\u00e9s et autres formes de discrimination fond\u00e9es sur la nationalit\u00e9, le lieu de r\u00e9sidence ou le lieu d&rsquo;\u00e9tablissement. de clients sur le march\u00e9 int\u00e9rieur.<\/p>\n<h4><strong>ADRESSE DE CONTACT<\/strong><\/h4>\n<p>Courriel\u00a0:\u00a0\u00a0<a href=\"mailto:info@alemany.com\" target=\"_blank\" rel=\"noopener noreferrer\">info@alemany.com<\/a><\/p>\n<p><strong>Derni\u00e8re mise \u00e0 jour : novembre 2019<\/strong><\/p>\n<\/div><\/div><\/div><\/div><\/div>\n","protected":false},"excerpt":{"rendered":"","protected":false},"author":1,"featured_media":0,"parent":0,"menu_order":0,"comment_status":"closed","ping_status":"closed","template":"","meta":{"footnotes":""},"class_list":["post-1502","page","type-page","status-publish","hentry"],"yoast_head":"<!-- This site is optimized with the Yoast SEO plugin v22.5 - https:\/\/yoast.com\/wordpress\/plugins\/seo\/ -->\n<title>Avis Juridique - Apicola Alemany<\/title>\n<meta name=\"robots\" content=\"index, follow, max-snippet:-1, max-image-preview:large, max-video-preview:-1\" \/>\n<link rel=\"canonical\" href=\"https:\/\/apicolaalemany.com\/aviso-legal\/\" \/>\n<meta property=\"og:locale\" content=\"fr_FR\" \/>\n<meta property=\"og:type\" content=\"article\" \/>\n<meta property=\"og:title\" content=\"Avis Juridique - Apicola Alemany\" \/>\n<meta property=\"og:url\" content=\"https:\/\/apicolaalemany.com\/aviso-legal\/\" \/>\n<meta property=\"og:site_name\" content=\"Apicola Alemany\" \/>\n<meta property=\"article:modified_time\" content=\"2024-04-24T14:53:59+00:00\" \/>\n<meta name=\"twitter:card\" content=\"summary_large_image\" \/>\n<meta name=\"twitter:label1\" content=\"Dur\u00e9e de lecture estim\u00e9e\" \/>\n\t<meta name=\"twitter:data1\" content=\"16 minutes\" \/>\n<script type=\"application\/ld+json\" class=\"yoast-schema-graph\">{\"@context\":\"https:\/\/schema.org\",\"@graph\":[{\"@type\":\"WebPage\",\"@id\":\"https:\/\/apicolaalemany.com\/aviso-legal\/\",\"url\":\"https:\/\/apicolaalemany.com\/aviso-legal\/\",\"name\":\"Avis Juridique - Apicola Alemany\",\"isPartOf\":{\"@id\":\"https:\/\/apicolaalemany.com\/#website\"},\"datePublished\":\"2024-04-24T09:28:10+00:00\",\"dateModified\":\"2024-04-24T14:53:59+00:00\",\"breadcrumb\":{\"@id\":\"https:\/\/apicolaalemany.com\/aviso-legal\/#breadcrumb\"},\"inLanguage\":\"fr-FR\",\"potentialAction\":[{\"@type\":\"ReadAction\",\"target\":[\"https:\/\/apicolaalemany.com\/aviso-legal\/\"]}]},{\"@type\":\"BreadcrumbList\",\"@id\":\"https:\/\/apicolaalemany.com\/aviso-legal\/#breadcrumb\",\"itemListElement\":[{\"@type\":\"ListItem\",\"position\":1,\"name\":\"Portada\",\"item\":\"https:\/\/apicolaalemany.com\/fr\/\"},{\"@type\":\"ListItem\",\"position\":2,\"name\":\"Avis Juridique\"}]},{\"@type\":\"WebSite\",\"@id\":\"https:\/\/apicolaalemany.com\/#website\",\"url\":\"https:\/\/apicolaalemany.com\/\",\"name\":\"Apicola Alemany\",\"description\":\"Pure Natural Honey\",\"potentialAction\":[{\"@type\":\"SearchAction\",\"target\":{\"@type\":\"EntryPoint\",\"urlTemplate\":\"https:\/\/apicolaalemany.com\/?s={search_term_string}\"},\"query-input\":\"required name=search_term_string\"}],\"inLanguage\":\"fr-FR\"}]}<\/script>\n<!-- \/ Yoast SEO plugin. -->","yoast_head_json":{"title":"Avis Juridique - Apicola Alemany","robots":{"index":"index","follow":"follow","max-snippet":"max-snippet:-1","max-image-preview":"max-image-preview:large","max-video-preview":"max-video-preview:-1"},"canonical":"https:\/\/apicolaalemany.com\/aviso-legal\/","og_locale":"fr_FR","og_type":"article","og_title":"Avis Juridique - Apicola Alemany","og_url":"https:\/\/apicolaalemany.com\/aviso-legal\/","og_site_name":"Apicola Alemany","article_modified_time":"2024-04-24T14:53:59+00:00","twitter_card":"summary_large_image","twitter_misc":{"Dur\u00e9e de lecture estim\u00e9e":"16 minutes"},"schema":{"@context":"https:\/\/schema.org","@graph":[{"@type":"WebPage","@id":"https:\/\/apicolaalemany.com\/aviso-legal\/","url":"https:\/\/apicolaalemany.com\/aviso-legal\/","name":"Avis Juridique - Apicola Alemany","isPartOf":{"@id":"https:\/\/apicolaalemany.com\/#website"},"datePublished":"2024-04-24T09:28:10+00:00","dateModified":"2024-04-24T14:53:59+00:00","breadcrumb":{"@id":"https:\/\/apicolaalemany.com\/aviso-legal\/#breadcrumb"},"inLanguage":"fr-FR","potentialAction":[{"@type":"ReadAction","target":["https:\/\/apicolaalemany.com\/aviso-legal\/"]}]},{"@type":"BreadcrumbList","@id":"https:\/\/apicolaalemany.com\/aviso-legal\/#breadcrumb","itemListElement":[{"@type":"ListItem","position":1,"name":"Portada","item":"https:\/\/apicolaalemany.com\/fr\/"},{"@type":"ListItem","position":2,"name":"Avis Juridique"}]},{"@type":"WebSite","@id":"https:\/\/apicolaalemany.com\/#website","url":"https:\/\/apicolaalemany.com\/","name":"Apicola Alemany","description":"Pure Natural Honey","potentialAction":[{"@type":"SearchAction","target":{"@type":"EntryPoint","urlTemplate":"https:\/\/apicolaalemany.com\/?s={search_term_string}"},"query-input":"required name=search_term_string"}],"inLanguage":"fr-FR"}]}},"_links":{"self":[{"href":"https:\/\/apicolaalemany.com\/fr\/wp-json\/wp\/v2\/pages\/1502","targetHints":{"allow":["GET"]}}],"collection":[{"href":"https:\/\/apicolaalemany.com\/fr\/wp-json\/wp\/v2\/pages"}],"about":[{"href":"https:\/\/apicolaalemany.com\/fr\/wp-json\/wp\/v2\/types\/page"}],"author":[{"embeddable":true,"href":"https:\/\/apicolaalemany.com\/fr\/wp-json\/wp\/v2\/users\/1"}],"replies":[{"embeddable":true,"href":"https:\/\/apicolaalemany.com\/fr\/wp-json\/wp\/v2\/comments?post=1502"}],"version-history":[{"count":4,"href":"https:\/\/apicolaalemany.com\/fr\/wp-json\/wp\/v2\/pages\/1502\/revisions"}],"predecessor-version":[{"id":1521,"href":"https:\/\/apicolaalemany.com\/fr\/wp-json\/wp\/v2\/pages\/1502\/revisions\/1521"}],"wp:attachment":[{"href":"https:\/\/apicolaalemany.com\/fr\/wp-json\/wp\/v2\/media?parent=1502"}],"curies":[{"name":"wp","href":"https:\/\/api.w.org\/{rel}","templated":true}]}}