{"id":1500,"date":"2024-04-24T10:33:36","date_gmt":"2024-04-24T09:33:36","guid":{"rendered":"https:\/\/apicolaalemany.com\/politica-de-calidad-seguridad-alimentaria-y-mediomabiente\/"},"modified":"2024-04-24T15:38:33","modified_gmt":"2024-04-24T14:38:33","slug":"politica-de-calidad-seguridad-alimentaria-y-mediomabiente","status":"publish","type":"page","link":"https:\/\/apicolaalemany.com\/fr\/politica-de-calidad-seguridad-alimentaria-y-mediomabiente\/","title":{"rendered":"Politique Qualit\u00e9, S\u00e9curit\u00e9 Alimentaire Et Environnement"},"content":{"rendered":"<div class=\"fusion-fullwidth fullwidth-box fusion-builder-row-1 fusion-flex-container has-pattern-background has-mask-background nonhundred-percent-fullwidth non-hundred-percent-height-scrolling\" style=\"--awb-border-radius-top-left:0px;--awb-border-radius-top-right:0px;--awb-border-radius-bottom-right:0px;--awb-border-radius-bottom-left:0px;--awb-flex-wrap:wrap;\" ><div class=\"fusion-builder-row fusion-row fusion-flex-align-items-flex-start fusion-flex-content-wrap\" style=\"max-width:1248px;margin-left: calc(-4% \/ 2 );margin-right: calc(-4% \/ 2 );\"><div class=\"fusion-layout-column fusion_builder_column fusion-builder-column-0 fusion_builder_column_1_1 1_1 fusion-flex-column\" style=\"--awb-bg-size:cover;--awb-width-large:100%;--awb-margin-top-large:0px;--awb-spacing-right-large:1.92%;--awb-margin-bottom-large:20px;--awb-spacing-left-large:1.92%;--awb-width-medium:100%;--awb-order-medium:0;--awb-spacing-right-medium:1.92%;--awb-spacing-left-medium:1.92%;--awb-width-small:100%;--awb-order-small:0;--awb-spacing-right-small:1.92%;--awb-spacing-left-small:1.92%;\"><div class=\"fusion-column-wrapper fusion-column-has-shadow fusion-flex-justify-content-flex-start fusion-content-layout-column\"><div class=\"fusion-text fusion-text-1\"><p>R\u00e9v. 3<br \/>\nOs de Balaguer, f\u00e9vrier 2022<br \/>\nGestion<\/p>\n<p><strong>Torrons i Mel Alemany<\/strong>\u00a0\u00a0produit du miel et du nougat artisanaux alliant tradition et innovation. La qualit\u00e9, la s\u00e9curit\u00e9, la l\u00e9galit\u00e9 du produit et l&rsquo;engagement envers le concept HALAL, ainsi que le respect et la pr\u00e9servation de l&rsquo;environnement et la durabilit\u00e9, sont des engagements que l&rsquo;organisation assume comme base d&rsquo;une d\u00e9cision strat\u00e9gique et d&rsquo;un engagement envers le client. son image, son succ\u00e8s et sa position sur le march\u00e9 en d\u00e9pendent.<\/p>\n<p>Nous nous engageons en faveur du bien-\u00eatre et des droits des personnes handicap\u00e9es physiques et intellectuelles, en les int\u00e9grant dans notre processus de production gr\u00e2ce \u00e0 une collaboration avec des entit\u00e9s \u00e0 but non lucratif.<\/p>\n<p>Avec notre entreprise, toutes les derni\u00e8res \u00e9volutions du march\u00e9 seront \u00e0 votre disposition. Une synchronisation parfaite entre tous nos d\u00e9partements parvient \u00e0 satisfaire tous les besoins de nos clients de mani\u00e8re rapide et efficace, garantissant que les produits maintiendront leur qualit\u00e9 et leur s\u00e9curit\u00e9 pendant les processus de fabrication.<\/p>\n<p>Nous assumons les VALEURS de qualit\u00e9 et de s\u00e9curit\u00e9 des produits comme objectif dans notre travail quotidien bas\u00e9 sur les principes suivants :<\/p>\n<ul>\n<li>Se conformer aux exigences \u00e9tablies dans le syst\u00e8me int\u00e9gr\u00e9 de gestion de la qualit\u00e9 et de la s\u00e9curit\u00e9 alimentaire, aux exigences l\u00e9gales et r\u00e9glementaires applicables et aux sp\u00e9cifications du Halal Institute, et se soumettre au r\u00e9gime de sanctions RMGHJI.<\/li>\n<li>Orientation client en tenant compte des exigences l\u00e9gales et des particularit\u00e9s culturelles des clients exportateurs et\/ou des normes Halal externes, le cas \u00e9ch\u00e9ant.<\/li>\n<li>L&rsquo;entreprise d\u00e9finira les responsabilit\u00e9s du personnel en mati\u00e8re Halal et nommera un responsable Halal et des superviseurs de production.<\/li>\n<li>Toute la production Halal sera r\u00e9alis\u00e9e exclusivement avec des ingr\u00e9dients certifi\u00e9s halal<\/li>\n<li>Veiller \u00e0 l\u2019\u00e9laboration et au respect des consignes d\u2019hygi\u00e8ne.<\/li>\n<li>Maintenir une tra\u00e7abilit\u00e9 compl\u00e8te<\/li>\n<li>S&rsquo;adapter en permanence aux changements de notre environnement, et notamment aux demandes de nos clients, en \u00e9tant agile et rapide dans la d\u00e9tection des opportunit\u00e9s d&rsquo;am\u00e9lioration ou d&rsquo;innovation, ainsi que dans leur mise en \u0153uvre.<\/li>\n<li>Promouvoir l&rsquo;esprit d&rsquo;am\u00e9lioration continue comme base du travail quotidien, en recherchant les solutions les plus efficaces et efficientes.<\/li>\n<li>Promouvoir le potentiel de d\u00e9veloppement de toutes les personnes impliqu\u00e9es dans l&rsquo;ex\u00e9cution des services, leur capacit\u00e9 d&rsquo;apprentissage, leur croissance et leurs valeurs qui sont \u00e0 la base de la fiert\u00e9 personnelle et professionnelle du travail bien fait. Le personnel re\u00e7oit une formation concernant la production Halal.<\/li>\n<li>Implication de la haute direction dans le syst\u00e8me, d\u00e9finissant les responsabilit\u00e9s de tout le personnel, \u00e9galement en mati\u00e8re Halal.<\/li>\n<li>Promouvoir un comportement \u00e9thique et honn\u00eate dans notre entreprise<\/li>\n<li>\u00c9tablir des objectifs mesurables align\u00e9s avec la garantie de s\u00e9curit\u00e9 des produits offerts.<\/li>\n<li>Encourager une communication active avec toutes les parties impliqu\u00e9es dans la garantie de la s\u00e9curit\u00e9 alimentaire.<\/li>\n<\/ul>\n<p>Pour mener \u00e0 bien cette Politique de Qualit\u00e9 et de S\u00e9curit\u00e9 Alimentaire, la Direction s&rsquo;appuie sur son organisation \u00e0 laquelle elle transmet cette Politique et les lignes g\u00e9n\u00e9rales d&rsquo;action, en cherchant \u00e0 s&rsquo;assurer qu&rsquo;elle assume la Qualit\u00e9 de son travail et s&rsquo;identifie \u00e0 l&rsquo;image de l&rsquo;Entreprise. Tout cela permet \u00e0\u00a0\u00a0<strong>Torrons i Mel Alemany<\/strong>\u00a0\u00a0de cro\u00eetre et d&rsquo;avoir la reconnaissance de ses clients, en assumant une responsabilit\u00e9 \u00e9thique et professionnelle.<\/p>\n<p>Cette politique de qualit\u00e9 et de s\u00e9curit\u00e9 alimentaire est diffus\u00e9e, assum\u00e9e et mise en pratique \u00e0 tous les niveaux de l&rsquo;organisation, en s&rsquo;engageant \u00e0 l&rsquo;am\u00e9lioration continue du service fourni.<\/p>\n<p>Nous acqu\u00e9rons \u00e9galement un engagement envers la culture de la s\u00e9curit\u00e9 alimentaire, comme l&rsquo;attitude, les valeurs et la croyance en la s\u00e9curit\u00e9 alimentaire que partage un groupe de personnes et qui d\u00e9terminent l&rsquo;engagement envers la gestion de la s\u00e9curit\u00e9 alimentaire d&rsquo;une organisation. Les exigences \u00e0 remplir sont les suivantes :<\/p>\n<ul>\n<li>Engagement de la direction et de tous les employ\u00e9s en faveur d&rsquo;une production et d&rsquo;une distribution alimentaires s\u00fbres<\/li>\n<li>Engagement envers la production d\u2019aliments s\u00fbrs et la participation de tous les travailleurs aux pratiques de s\u00e9curit\u00e9 alimentaire<\/li>\n<li>Connaissance des dangers li\u00e9s \u00e0 la s\u00e9curit\u00e9 alimentaire et de l&rsquo;importance de la s\u00e9curit\u00e9 alimentaire et de l&rsquo;hygi\u00e8ne par tous les travailleurs de l&rsquo;entreprise\u00a0;<\/li>\n<li>Communication ouverte et claire entre tous les travailleurs de l&rsquo;entreprise, au sein d&rsquo;une activit\u00e9 et entre activit\u00e9s cons\u00e9cutives, y compris la communication des \u00e9carts et des attentes<\/li>\n<li>Disponibilit\u00e9 de ressources suffisantes pour garantir une manipulation s\u00fbre et hygi\u00e9nique des aliments.<\/li>\n<\/ul>\n<\/div><\/div><\/div><\/div><\/div>\n","protected":false},"excerpt":{"rendered":"","protected":false},"author":1,"featured_media":0,"parent":0,"menu_order":0,"comment_status":"closed","ping_status":"closed","template":"","meta":{"footnotes":""},"class_list":["post-1500","page","type-page","status-publish","hentry"],"yoast_head":"<!-- This site is optimized with the Yoast SEO plugin v22.5 - https:\/\/yoast.com\/wordpress\/plugins\/seo\/ -->\n<title>Politique Qualit\u00e9, S\u00e9curit\u00e9 Alimentaire Et Environnement - Apicola Alemany<\/title>\n<meta name=\"robots\" content=\"index, follow, max-snippet:-1, max-image-preview:large, max-video-preview:-1\" \/>\n<link rel=\"canonical\" href=\"https:\/\/apicolaalemany.com\/politica-de-calidad-seguridad-alimentaria-y-mediomabiente\/\" \/>\n<meta property=\"og:locale\" content=\"fr_FR\" \/>\n<meta property=\"og:type\" content=\"article\" \/>\n<meta property=\"og:title\" content=\"Politique Qualit\u00e9, S\u00e9curit\u00e9 Alimentaire Et Environnement - Apicola Alemany\" \/>\n<meta property=\"og:url\" content=\"https:\/\/apicolaalemany.com\/politica-de-calidad-seguridad-alimentaria-y-mediomabiente\/\" \/>\n<meta property=\"og:site_name\" content=\"Apicola Alemany\" \/>\n<meta property=\"article:modified_time\" content=\"2024-04-24T14:38:33+00:00\" \/>\n<meta name=\"twitter:card\" content=\"summary_large_image\" \/>\n<meta name=\"twitter:label1\" content=\"Dur\u00e9e de lecture estim\u00e9e\" \/>\n\t<meta name=\"twitter:data1\" content=\"9 minutes\" \/>\n<script type=\"application\/ld+json\" class=\"yoast-schema-graph\">{\"@context\":\"https:\/\/schema.org\",\"@graph\":[{\"@type\":\"WebPage\",\"@id\":\"https:\/\/apicolaalemany.com\/politica-de-calidad-seguridad-alimentaria-y-mediomabiente\/\",\"url\":\"https:\/\/apicolaalemany.com\/politica-de-calidad-seguridad-alimentaria-y-mediomabiente\/\",\"name\":\"Politique Qualit\u00e9, S\u00e9curit\u00e9 Alimentaire Et Environnement - Apicola Alemany\",\"isPartOf\":{\"@id\":\"https:\/\/apicolaalemany.com\/#website\"},\"datePublished\":\"2024-04-24T09:33:36+00:00\",\"dateModified\":\"2024-04-24T14:38:33+00:00\",\"breadcrumb\":{\"@id\":\"https:\/\/apicolaalemany.com\/politica-de-calidad-seguridad-alimentaria-y-mediomabiente\/#breadcrumb\"},\"inLanguage\":\"fr-FR\",\"potentialAction\":[{\"@type\":\"ReadAction\",\"target\":[\"https:\/\/apicolaalemany.com\/politica-de-calidad-seguridad-alimentaria-y-mediomabiente\/\"]}]},{\"@type\":\"BreadcrumbList\",\"@id\":\"https:\/\/apicolaalemany.com\/politica-de-calidad-seguridad-alimentaria-y-mediomabiente\/#breadcrumb\",\"itemListElement\":[{\"@type\":\"ListItem\",\"position\":1,\"name\":\"Portada\",\"item\":\"https:\/\/apicolaalemany.com\/fr\/\"},{\"@type\":\"ListItem\",\"position\":2,\"name\":\"Politique Qualit\u00e9, S\u00e9curit\u00e9 Alimentaire Et Environnement\"}]},{\"@type\":\"WebSite\",\"@id\":\"https:\/\/apicolaalemany.com\/#website\",\"url\":\"https:\/\/apicolaalemany.com\/\",\"name\":\"Apicola Alemany\",\"description\":\"Pure Natural Honey\",\"potentialAction\":[{\"@type\":\"SearchAction\",\"target\":{\"@type\":\"EntryPoint\",\"urlTemplate\":\"https:\/\/apicolaalemany.com\/?s={search_term_string}\"},\"query-input\":\"required name=search_term_string\"}],\"inLanguage\":\"fr-FR\"}]}<\/script>\n<!-- \/ Yoast SEO plugin. -->","yoast_head_json":{"title":"Politique Qualit\u00e9, S\u00e9curit\u00e9 Alimentaire Et Environnement - Apicola Alemany","robots":{"index":"index","follow":"follow","max-snippet":"max-snippet:-1","max-image-preview":"max-image-preview:large","max-video-preview":"max-video-preview:-1"},"canonical":"https:\/\/apicolaalemany.com\/politica-de-calidad-seguridad-alimentaria-y-mediomabiente\/","og_locale":"fr_FR","og_type":"article","og_title":"Politique Qualit\u00e9, S\u00e9curit\u00e9 Alimentaire Et Environnement - Apicola Alemany","og_url":"https:\/\/apicolaalemany.com\/politica-de-calidad-seguridad-alimentaria-y-mediomabiente\/","og_site_name":"Apicola Alemany","article_modified_time":"2024-04-24T14:38:33+00:00","twitter_card":"summary_large_image","twitter_misc":{"Dur\u00e9e de lecture estim\u00e9e":"9 minutes"},"schema":{"@context":"https:\/\/schema.org","@graph":[{"@type":"WebPage","@id":"https:\/\/apicolaalemany.com\/politica-de-calidad-seguridad-alimentaria-y-mediomabiente\/","url":"https:\/\/apicolaalemany.com\/politica-de-calidad-seguridad-alimentaria-y-mediomabiente\/","name":"Politique Qualit\u00e9, S\u00e9curit\u00e9 Alimentaire Et Environnement - Apicola Alemany","isPartOf":{"@id":"https:\/\/apicolaalemany.com\/#website"},"datePublished":"2024-04-24T09:33:36+00:00","dateModified":"2024-04-24T14:38:33+00:00","breadcrumb":{"@id":"https:\/\/apicolaalemany.com\/politica-de-calidad-seguridad-alimentaria-y-mediomabiente\/#breadcrumb"},"inLanguage":"fr-FR","potentialAction":[{"@type":"ReadAction","target":["https:\/\/apicolaalemany.com\/politica-de-calidad-seguridad-alimentaria-y-mediomabiente\/"]}]},{"@type":"BreadcrumbList","@id":"https:\/\/apicolaalemany.com\/politica-de-calidad-seguridad-alimentaria-y-mediomabiente\/#breadcrumb","itemListElement":[{"@type":"ListItem","position":1,"name":"Portada","item":"https:\/\/apicolaalemany.com\/fr\/"},{"@type":"ListItem","position":2,"name":"Politique Qualit\u00e9, S\u00e9curit\u00e9 Alimentaire Et Environnement"}]},{"@type":"WebSite","@id":"https:\/\/apicolaalemany.com\/#website","url":"https:\/\/apicolaalemany.com\/","name":"Apicola Alemany","description":"Pure Natural Honey","potentialAction":[{"@type":"SearchAction","target":{"@type":"EntryPoint","urlTemplate":"https:\/\/apicolaalemany.com\/?s={search_term_string}"},"query-input":"required name=search_term_string"}],"inLanguage":"fr-FR"}]}},"_links":{"self":[{"href":"https:\/\/apicolaalemany.com\/fr\/wp-json\/wp\/v2\/pages\/1500","targetHints":{"allow":["GET"]}}],"collection":[{"href":"https:\/\/apicolaalemany.com\/fr\/wp-json\/wp\/v2\/pages"}],"about":[{"href":"https:\/\/apicolaalemany.com\/fr\/wp-json\/wp\/v2\/types\/page"}],"author":[{"embeddable":true,"href":"https:\/\/apicolaalemany.com\/fr\/wp-json\/wp\/v2\/users\/1"}],"replies":[{"embeddable":true,"href":"https:\/\/apicolaalemany.com\/fr\/wp-json\/wp\/v2\/comments?post=1500"}],"version-history":[{"count":2,"href":"https:\/\/apicolaalemany.com\/fr\/wp-json\/wp\/v2\/pages\/1500\/revisions"}],"predecessor-version":[{"id":1510,"href":"https:\/\/apicolaalemany.com\/fr\/wp-json\/wp\/v2\/pages\/1500\/revisions\/1510"}],"wp:attachment":[{"href":"https:\/\/apicolaalemany.com\/fr\/wp-json\/wp\/v2\/media?parent=1500"}],"curies":[{"name":"wp","href":"https:\/\/api.w.org\/{rel}","templated":true}]}}